{"id":290,"date":"2023-05-09T08:09:18","date_gmt":"2023-05-09T08:09:18","guid":{"rendered":"https:\/\/bcniconsulting.com\/?page_id=290"},"modified":"2023-05-31T08:05:41","modified_gmt":"2023-05-31T08:05:41","slug":"asesoria","status":"publish","type":"page","link":"https:\/\/bcniconsulting.com\/ca\/asesoria\/","title":{"rendered":"Assessoria"},"content":{"rendered":"<div data-elementor-type=\"wp-page\" data-elementor-id=\"290\" class=\"elementor elementor-290\">\n\t\t\t\t\t\t<section class=\"elementor-section elementor-top-section elementor-element elementor-element-2e93b181 elementor-section-boxed elementor-section-height-default elementor-section-height-default\" data-id=\"2e93b181\" data-element_type=\"section\" data-e-type=\"section\" data-settings=\"{&quot;background_background&quot;:&quot;classic&quot;}\">\n\t\t\t\t\t\t\t<div class=\"elementor-background-overlay\"><\/div>\n\t\t\t\t\t\t\t<div class=\"elementor-container elementor-column-gap-default\">\n\t\t\t\t\t<div class=\"elementor-column elementor-col-100 elementor-top-column elementor-element elementor-element-57538a2e\" data-id=\"57538a2e\" data-element_type=\"column\" data-e-type=\"column\">\n\t\t\t<div class=\"elementor-widget-wrap elementor-element-populated\">\n\t\t\t\t\t\t<div class=\"elementor-element elementor-element-553ffdb3 elementor-widget elementor-widget-heading\" data-id=\"553ffdb3\" data-element_type=\"widget\" data-e-type=\"widget\" data-widget_type=\"heading.default\">\n\t\t\t\t<div class=\"elementor-widget-container\">\n\t\t\t\t\t<h2 class=\"elementor-heading-title elementor-size-default\">Assessoria<\/h2>\t\t\t\t<\/div>\n\t\t\t\t<\/div>\n\t\t\t\t\t<\/div>\n\t\t<\/div>\n\t\t\t\t\t<\/div>\n\t\t<\/section>\n\t\t\t\t<section class=\"elementor-section elementor-top-section elementor-element elementor-element-7acfa5db elementor-section-boxed elementor-section-height-default elementor-section-height-default\" data-id=\"7acfa5db\" data-element_type=\"section\" data-e-type=\"section\">\n\t\t\t\t\t\t<div class=\"elementor-container elementor-column-gap-default\">\n\t\t\t\t\t<div class=\"elementor-column elementor-col-100 elementor-top-column elementor-element elementor-element-55cd1983\" data-id=\"55cd1983\" data-element_type=\"column\" data-e-type=\"column\">\n\t\t\t<div class=\"elementor-widget-wrap elementor-element-populated\">\n\t\t\t\t\t\t<section class=\"elementor-section elementor-inner-section elementor-element elementor-element-41dedfca elementor-section-boxed elementor-section-height-default elementor-section-height-default\" data-id=\"41dedfca\" data-element_type=\"section\" data-e-type=\"section\">\n\t\t\t\t\t\t<div class=\"elementor-container elementor-column-gap-default\">\n\t\t\t\t\t<div class=\"elementor-column elementor-col-50 elementor-inner-column elementor-element elementor-element-49dae916\" data-id=\"49dae916\" data-element_type=\"column\" data-e-type=\"column\" data-settings=\"{&quot;background_background&quot;:&quot;classic&quot;}\">\n\t\t\t<div class=\"elementor-widget-wrap elementor-element-populated\">\n\t\t\t\t\t<div class=\"elementor-background-overlay\"><\/div>\n\t\t\t\t\t\t<div class=\"elementor-element elementor-element-53980334 elementor-widget elementor-widget-heading\" data-id=\"53980334\" data-element_type=\"widget\" data-e-type=\"widget\" data-widget_type=\"heading.default\">\n\t\t\t\t<div class=\"elementor-widget-container\">\n\t\t\t\t\t<h2 class=\"elementor-heading-title elementor-size-default\">Organitzaci\u00f3 d'activitat <\/h2>\t\t\t\t<\/div>\n\t\t\t\t<\/div>\n\t\t\t\t<div class=\"elementor-element elementor-element-72061c07 elementor-widget elementor-widget-text-editor\" data-id=\"72061c07\" data-element_type=\"widget\" data-e-type=\"widget\" data-widget_type=\"text-editor.default\">\n\t\t\t\t<div class=\"elementor-widget-container\">\n\t\t\t\t\t\t\t\t\t<p>An\u00e0lisi global de l'activitat de l'empresa<\/p><p>Recomanacions de millora...<\/p>\t\t\t\t\t\t\t\t<\/div>\n\t\t\t\t<\/div>\n\t\t\t\t\t<\/div>\n\t\t<\/div>\n\t\t\t\t<div class=\"elementor-column elementor-col-50 elementor-inner-column elementor-element elementor-element-3d7a7b3a\" data-id=\"3d7a7b3a\" data-element_type=\"column\" data-e-type=\"column\" data-settings=\"{&quot;background_background&quot;:&quot;classic&quot;}\">\n\t\t\t<div class=\"elementor-widget-wrap elementor-element-populated\">\n\t\t\t\t\t<div class=\"elementor-background-overlay\"><\/div>\n\t\t\t\t\t\t<div class=\"elementor-element elementor-element-1a5cd357 elementor-widget elementor-widget-heading\" data-id=\"1a5cd357\" data-element_type=\"widget\" data-e-type=\"widget\" data-widget_type=\"heading.default\">\n\t\t\t\t<div class=\"elementor-widget-container\">\n\t\t\t\t\t<h2 class=\"elementor-heading-title elementor-size-default\">Organitzaci\u00f3 administrativa<\/h2>\t\t\t\t<\/div>\n\t\t\t\t<\/div>\n\t\t\t\t<div class=\"elementor-element elementor-element-33299766 elementor-widget elementor-widget-text-editor\" data-id=\"33299766\" data-element_type=\"widget\" data-e-type=\"widget\" data-widget_type=\"text-editor.default\">\n\t\t\t\t<div class=\"elementor-widget-container\">\n\t\t\t\t\t\t\t\t\t<p class=\"font_8 wixui-rich-text__text\">Arxiu<\/p><p class=\"font_8 wixui-rich-text__text\">M\u00e8todes de treball<\/p><p class=\"font_8 wixui-rich-text__text\">Controls i processos<\/p>\t\t\t\t\t\t\t\t<\/div>\n\t\t\t\t<\/div>\n\t\t\t\t\t<\/div>\n\t\t<\/div>\n\t\t\t\t\t<\/div>\n\t\t<\/section>\n\t\t\t\t<section class=\"elementor-section elementor-inner-section elementor-element elementor-element-7deffcba elementor-section-boxed elementor-section-height-default elementor-section-height-default\" data-id=\"7deffcba\" data-element_type=\"section\" data-e-type=\"section\">\n\t\t\t\t\t\t<div class=\"elementor-container elementor-column-gap-default\">\n\t\t\t\t\t<div class=\"elementor-column elementor-col-33 elementor-inner-column elementor-element elementor-element-6d489388\" data-id=\"6d489388\" data-element_type=\"column\" data-e-type=\"column\" data-settings=\"{&quot;background_background&quot;:&quot;classic&quot;}\">\n\t\t\t<div class=\"elementor-widget-wrap elementor-element-populated\">\n\t\t\t\t\t<div class=\"elementor-background-overlay\"><\/div>\n\t\t\t\t\t\t<div class=\"elementor-element elementor-element-5b38be69 elementor-widget elementor-widget-heading\" data-id=\"5b38be69\" data-element_type=\"widget\" data-e-type=\"widget\" data-widget_type=\"heading.default\">\n\t\t\t\t<div class=\"elementor-widget-container\">\n\t\t\t\t\t<h2 class=\"elementor-heading-title elementor-size-default\">Control de tresoreria<\/h2>\t\t\t\t<\/div>\n\t\t\t\t<\/div>\n\t\t\t\t<div class=\"elementor-element elementor-element-c8a8579 elementor-widget elementor-widget-text-editor\" data-id=\"c8a8579\" data-element_type=\"widget\" data-e-type=\"widget\" data-widget_type=\"text-editor.default\">\n\t\t\t\t<div class=\"elementor-widget-container\">\n\t\t\t\t\t\t\t\t\t<p>An\u00e0lisi de processos operatius<\/p><p>Millores de control per a la gesti\u00f3 de la tresoreria<\/p>\t\t\t\t\t\t\t\t<\/div>\n\t\t\t\t<\/div>\n\t\t\t\t\t<\/div>\n\t\t<\/div>\n\t\t\t\t<div class=\"elementor-column elementor-col-33 elementor-inner-column elementor-element elementor-element-359dd3a4\" data-id=\"359dd3a4\" data-element_type=\"column\" data-e-type=\"column\" data-settings=\"{&quot;background_background&quot;:&quot;classic&quot;}\">\n\t\t\t<div class=\"elementor-widget-wrap elementor-element-populated\">\n\t\t\t\t\t<div class=\"elementor-background-overlay\"><\/div>\n\t\t\t\t\t\t<div class=\"elementor-element elementor-element-c2e40db elementor-widget elementor-widget-heading\" data-id=\"c2e40db\" data-element_type=\"widget\" data-e-type=\"widget\" data-widget_type=\"heading.default\">\n\t\t\t\t<div class=\"elementor-widget-container\">\n\t\t\t\t\t<h2 class=\"elementor-heading-title elementor-size-default\">Control financer<\/h2>\t\t\t\t<\/div>\n\t\t\t\t<\/div>\n\t\t\t\t<div class=\"elementor-element elementor-element-fb92ccb elementor-widget elementor-widget-text-editor\" data-id=\"fb92ccb\" data-element_type=\"widget\" data-e-type=\"widget\" data-widget_type=\"text-editor.default\">\n\t\t\t\t<div class=\"elementor-widget-container\">\n\t\t\t\t\t\t\t\t\t<p>An\u00e0lisi de balan\u00e7os<\/p><p>Pressupost<\/p><p>Opcions financeres<\/p>\t\t\t\t\t\t\t\t<\/div>\n\t\t\t\t<\/div>\n\t\t\t\t\t<\/div>\n\t\t<\/div>\n\t\t\t\t<div class=\"elementor-column elementor-col-33 elementor-inner-column elementor-element elementor-element-2d536490\" data-id=\"2d536490\" data-element_type=\"column\" data-e-type=\"column\" data-settings=\"{&quot;background_background&quot;:&quot;classic&quot;}\">\n\t\t\t<div class=\"elementor-widget-wrap elementor-element-populated\">\n\t\t\t\t\t<div class=\"elementor-background-overlay\"><\/div>\n\t\t\t\t\t\t<div class=\"elementor-element elementor-element-4e180882 elementor-widget elementor-widget-heading\" data-id=\"4e180882\" data-element_type=\"widget\" data-e-type=\"widget\" data-widget_type=\"heading.default\">\n\t\t\t\t<div class=\"elementor-widget-container\">\n\t\t\t\t\t<h2 class=\"elementor-heading-title elementor-size-default\">Control De Costos<\/h2>\t\t\t\t<\/div>\n\t\t\t\t<\/div>\n\t\t\t\t<div class=\"elementor-element elementor-element-3643e301 elementor-widget elementor-widget-text-editor\" data-id=\"3643e301\" data-element_type=\"widget\" data-e-type=\"widget\" data-widget_type=\"text-editor.default\">\n\t\t\t\t<div class=\"elementor-widget-container\">\n\t\t\t\t\t\t\t\t\t<p>An\u00e0lisi de costos<\/p><p>Estructura<\/p><p>Preus<\/p><p>Processos<\/p><p>Asignacions<\/p><p>Definici\u00f3<\/p><p>Sistemes<\/p>\t\t\t\t\t\t\t\t<\/div>\n\t\t\t\t<\/div>\n\t\t\t\t\t<\/div>\n\t\t<\/div>\n\t\t\t\t\t<\/div>\n\t\t<\/section>\n\t\t\t\t<section class=\"elementor-section elementor-inner-section elementor-element elementor-element-8052570 elementor-section-boxed elementor-section-height-default elementor-section-height-default\" data-id=\"8052570\" data-element_type=\"section\" data-e-type=\"section\">\n\t\t\t\t\t\t<div class=\"elementor-container elementor-column-gap-default\">\n\t\t\t\t\t<div class=\"elementor-column elementor-col-50 elementor-inner-column elementor-element elementor-element-bd3e086\" data-id=\"bd3e086\" data-element_type=\"column\" data-e-type=\"column\" data-settings=\"{&quot;background_background&quot;:&quot;classic&quot;}\">\n\t\t\t<div class=\"elementor-widget-wrap elementor-element-populated\">\n\t\t\t\t\t<div class=\"elementor-background-overlay\"><\/div>\n\t\t\t\t\t\t<div class=\"elementor-element elementor-element-9a11c7a elementor-widget elementor-widget-heading\" data-id=\"9a11c7a\" data-element_type=\"widget\" data-e-type=\"widget\" data-widget_type=\"heading.default\">\n\t\t\t\t<div class=\"elementor-widget-container\">\n\t\t\t\t\t<h2 class=\"elementor-heading-title elementor-size-default\">Pla d'empresa (Business plan)<\/h2>\t\t\t\t<\/div>\n\t\t\t\t<\/div>\n\t\t\t\t<div class=\"elementor-element elementor-element-67a9488 elementor-widget elementor-widget-text-editor\" data-id=\"67a9488\" data-element_type=\"widget\" data-e-type=\"widget\" data-widget_type=\"text-editor.default\">\n\t\t\t\t<div class=\"elementor-widget-container\">\n\t\t\t\t\t\t\t\t\t<p>An\u00e0lisi i preparaci\u00f3 de planificacions comercials<\/p><p>De mercat<\/p><p>Oportunitats<\/p><p>Estrat\u00e8gia de m\u00e0rqueting<\/p><p>Financer<\/p><p>Forma jur\u00eddica de la Infraestructura<\/p><p>Operacions<\/p><p>Equip directiu<\/p>\t\t\t\t\t\t\t\t<\/div>\n\t\t\t\t<\/div>\n\t\t\t\t\t<\/div>\n\t\t<\/div>\n\t\t\t\t<div class=\"elementor-column elementor-col-50 elementor-inner-column elementor-element elementor-element-ba3e1a8\" data-id=\"ba3e1a8\" data-element_type=\"column\" data-e-type=\"column\" data-settings=\"{&quot;background_background&quot;:&quot;classic&quot;}\">\n\t\t\t<div class=\"elementor-widget-wrap elementor-element-populated\">\n\t\t\t\t\t<div class=\"elementor-background-overlay\"><\/div>\n\t\t\t\t\t\t<div class=\"elementor-element elementor-element-acdd7ae elementor-widget elementor-widget-heading\" data-id=\"acdd7ae\" data-element_type=\"widget\" data-e-type=\"widget\" data-widget_type=\"heading.default\">\n\t\t\t\t<div class=\"elementor-widget-container\">\n\t\t\t\t\t<h2 class=\"elementor-heading-title elementor-size-default\">Avaluaci\u00f3 de projectes<\/h2>\t\t\t\t<\/div>\n\t\t\t\t<\/div>\n\t\t\t\t<div class=\"elementor-element elementor-element-74a9a4c elementor-widget elementor-widget-text-editor\" data-id=\"74a9a4c\" data-element_type=\"widget\" data-e-type=\"widget\" data-widget_type=\"text-editor.default\">\n\t\t\t\t<div class=\"elementor-widget-container\">\n\t\t\t\t\t\t\t\t\t<p>Inici o continuaci\u00f3 de l'activitat:<\/p><ul><li>An\u00e0lisi de viabilitat<\/li><li>Inversions<\/li><li>Estudis comparatius<\/li><li>Sectorials<\/li><\/ul>\t\t\t\t\t\t\t\t<\/div>\n\t\t\t\t<\/div>\n\t\t\t\t\t<\/div>\n\t\t<\/div>\n\t\t\t\t\t<\/div>\n\t\t<\/section>\n\t\t\t\t\t<\/div>\n\t\t<\/div>\n\t\t\t\t\t<\/div>\n\t\t<\/section>\n\t\t\t\t<\/div>","protected":false},"excerpt":{"rendered":"<p>Asesor\u00eda Organizaci\u00f3n de actividad An\u00e1lisis global de la actividad del negocio Recomendaciones de mejora&#8230; Organizaci\u00f3n administrativa Archivo M\u00e9todos de trabajo Controles y procesos Control de tesorer\u00eda An\u00e1lisis de procesos operativos Mejoras de control para la gesti\u00f3n de la tesorer\u00eda Control financiero An\u00e1lisis de balances Presupuestario Opciones financieras Control de costes An\u00e1lisis de costes Estructura Precios [&hellip;]<\/p>\n","protected":false},"author":3,"featured_media":0,"parent":0,"menu_order":0,"comment_status":"closed","ping_status":"closed","template":"","meta":{"_joinchat":[],"footnotes":""},"class_list":["post-290","page","type-page","status-publish","hentry"],"yoast_head":"<!-- This site is optimized with the Yoast SEO plugin v27.5 - https:\/\/yoast.com\/product\/yoast-seo-wordpress\/ -->\n<title>Asesor\u00eda - BCN Integral Consulting<\/title>\n<meta name=\"description\" content=\"En Barcelona Integral Consulting te ofrecemos servicios organizaci\u00f3n administrativa, control de tesorer\u00eda, planes y an\u00e1lisis de negocio...\" \/>\n<meta name=\"robots\" content=\"index, follow, max-snippet:-1, max-image-preview:large, max-video-preview:-1\" \/>\n<link rel=\"canonical\" href=\"https:\/\/bcniconsulting.com\/ca\/asesoria\/\" \/>\n<meta property=\"og:locale\" content=\"ca_ES\" \/>\n<meta property=\"og:type\" content=\"article\" \/>\n<meta property=\"og:title\" content=\"Asesor\u00eda - BCN Integral Consulting\" \/>\n<meta property=\"og:description\" content=\"En Barcelona Integral Consulting te ofrecemos servicios organizaci\u00f3n administrativa, control de tesorer\u00eda, planes y an\u00e1lisis de negocio...\" \/>\n<meta property=\"og:url\" content=\"https:\/\/bcniconsulting.com\/ca\/asesoria\/\" \/>\n<meta property=\"og:site_name\" content=\"BCN Integral Consulting\" \/>\n<meta property=\"article:modified_time\" content=\"2023-05-31T08:05:41+00:00\" \/>\n<meta name=\"twitter:card\" content=\"summary_large_image\" \/>\n<meta name=\"twitter:label1\" content=\"Temps estimat de lectura\" \/>\n\t<meta name=\"twitter:data1\" content=\"1 minut\" \/>\n<script type=\"application\/ld+json\" class=\"yoast-schema-graph\">{\"@context\":\"https:\\\/\\\/schema.org\",\"@graph\":[{\"@type\":\"WebPage\",\"@id\":\"https:\\\/\\\/bcniconsulting.com\\\/asesoria\\\/\",\"url\":\"https:\\\/\\\/bcniconsulting.com\\\/asesoria\\\/\",\"name\":\"Asesor\u00eda - BCN Integral Consulting\",\"isPartOf\":{\"@id\":\"https:\\\/\\\/bcniconsulting.com\\\/#website\"},\"datePublished\":\"2023-05-09T08:09:18+00:00\",\"dateModified\":\"2023-05-31T08:05:41+00:00\",\"description\":\"En Barcelona Integral Consulting te ofrecemos servicios organizaci\u00f3n administrativa, control de tesorer\u00eda, planes y an\u00e1lisis de negocio...\",\"breadcrumb\":{\"@id\":\"https:\\\/\\\/bcniconsulting.com\\\/asesoria\\\/#breadcrumb\"},\"inLanguage\":\"ca\",\"potentialAction\":[{\"@type\":\"ReadAction\",\"target\":[\"https:\\\/\\\/bcniconsulting.com\\\/asesoria\\\/\"]}]},{\"@type\":\"BreadcrumbList\",\"@id\":\"https:\\\/\\\/bcniconsulting.com\\\/asesoria\\\/#breadcrumb\",\"itemListElement\":[{\"@type\":\"ListItem\",\"position\":1,\"name\":\"Portada\",\"item\":\"https:\\\/\\\/bcniconsulting.com\\\/\"},{\"@type\":\"ListItem\",\"position\":2,\"name\":\"Asesor\u00eda\"}]},{\"@type\":\"WebSite\",\"@id\":\"https:\\\/\\\/bcniconsulting.com\\\/#website\",\"url\":\"https:\\\/\\\/bcniconsulting.com\\\/\",\"name\":\"BCN Integral Consulting\",\"description\":\"Gestor\u00eda\",\"publisher\":{\"@id\":\"https:\\\/\\\/bcniconsulting.com\\\/#organization\"},\"potentialAction\":[{\"@type\":\"SearchAction\",\"target\":{\"@type\":\"EntryPoint\",\"urlTemplate\":\"https:\\\/\\\/bcniconsulting.com\\\/?s={search_term_string}\"},\"query-input\":{\"@type\":\"PropertyValueSpecification\",\"valueRequired\":true,\"valueName\":\"search_term_string\"}}],\"inLanguage\":\"ca\"},{\"@type\":\"Organization\",\"@id\":\"https:\\\/\\\/bcniconsulting.com\\\/#organization\",\"name\":\"BCN Integral Consulting\",\"url\":\"https:\\\/\\\/bcniconsulting.com\\\/\",\"logo\":{\"@type\":\"ImageObject\",\"inLanguage\":\"ca\",\"@id\":\"https:\\\/\\\/bcniconsulting.com\\\/#\\\/schema\\\/logo\\\/image\\\/\",\"url\":\"https:\\\/\\\/bcniconsulting.com\\\/wp-content\\\/uploads\\\/2023\\\/04\\\/cropped-barcelona-integral-consulting-logo.png\",\"contentUrl\":\"https:\\\/\\\/bcniconsulting.com\\\/wp-content\\\/uploads\\\/2023\\\/04\\\/cropped-barcelona-integral-consulting-logo.png\",\"width\":525,\"height\":246,\"caption\":\"BCN Integral Consulting\"},\"image\":{\"@id\":\"https:\\\/\\\/bcniconsulting.com\\\/#\\\/schema\\\/logo\\\/image\\\/\"}}]}<\/script>\n<!-- \/ Yoast SEO plugin. -->","yoast_head_json":{"title":"Asesor\u00eda - BCN Integral Consulting","description":"En Barcelona Integral Consulting te ofrecemos servicios organizaci\u00f3n administrativa, control de tesorer\u00eda, planes y an\u00e1lisis de negocio...","robots":{"index":"index","follow":"follow","max-snippet":"max-snippet:-1","max-image-preview":"max-image-preview:large","max-video-preview":"max-video-preview:-1"},"canonical":"https:\/\/bcniconsulting.com\/ca\/asesoria\/","og_locale":"ca_ES","og_type":"article","og_title":"Asesor\u00eda - BCN Integral Consulting","og_description":"En Barcelona Integral Consulting te ofrecemos servicios organizaci\u00f3n administrativa, control de tesorer\u00eda, planes y an\u00e1lisis de negocio...","og_url":"https:\/\/bcniconsulting.com\/ca\/asesoria\/","og_site_name":"BCN Integral Consulting","article_modified_time":"2023-05-31T08:05:41+00:00","twitter_card":"summary_large_image","twitter_misc":{"Temps estimat de lectura":"1 minut"},"schema":{"@context":"https:\/\/schema.org","@graph":[{"@type":"WebPage","@id":"https:\/\/bcniconsulting.com\/asesoria\/","url":"https:\/\/bcniconsulting.com\/asesoria\/","name":"Asesor\u00eda - BCN Integral Consulting","isPartOf":{"@id":"https:\/\/bcniconsulting.com\/#website"},"datePublished":"2023-05-09T08:09:18+00:00","dateModified":"2023-05-31T08:05:41+00:00","description":"En Barcelona Integral Consulting te ofrecemos servicios organizaci\u00f3n administrativa, control de tesorer\u00eda, planes y an\u00e1lisis de negocio...","breadcrumb":{"@id":"https:\/\/bcniconsulting.com\/asesoria\/#breadcrumb"},"inLanguage":"ca","potentialAction":[{"@type":"ReadAction","target":["https:\/\/bcniconsulting.com\/asesoria\/"]}]},{"@type":"BreadcrumbList","@id":"https:\/\/bcniconsulting.com\/asesoria\/#breadcrumb","itemListElement":[{"@type":"ListItem","position":1,"name":"Portada","item":"https:\/\/bcniconsulting.com\/"},{"@type":"ListItem","position":2,"name":"Asesor\u00eda"}]},{"@type":"WebSite","@id":"https:\/\/bcniconsulting.com\/#website","url":"https:\/\/bcniconsulting.com\/","name":"BCN Assessorament Integral","description":"Gestor\u00eda","publisher":{"@id":"https:\/\/bcniconsulting.com\/#organization"},"potentialAction":[{"@type":"SearchAction","target":{"@type":"EntryPoint","urlTemplate":"https:\/\/bcniconsulting.com\/?s={search_term_string}"},"query-input":{"@type":"PropertyValueSpecification","valueRequired":true,"valueName":"search_term_string"}}],"inLanguage":"ca"},{"@type":"Organization","@id":"https:\/\/bcniconsulting.com\/#organization","name":"BCN Assessorament Integral","url":"https:\/\/bcniconsulting.com\/","logo":{"@type":"ImageObject","inLanguage":"ca","@id":"https:\/\/bcniconsulting.com\/#\/schema\/logo\/image\/","url":"https:\/\/bcniconsulting.com\/wp-content\/uploads\/2023\/04\/cropped-barcelona-integral-consulting-logo.png","contentUrl":"https:\/\/bcniconsulting.com\/wp-content\/uploads\/2023\/04\/cropped-barcelona-integral-consulting-logo.png","width":525,"height":246,"caption":"BCN Integral Consulting"},"image":{"@id":"https:\/\/bcniconsulting.com\/#\/schema\/logo\/image\/"}}]}},"_links":{"self":[{"href":"https:\/\/bcniconsulting.com\/ca\/wp-json\/wp\/v2\/pages\/290","targetHints":{"allow":["GET"]}}],"collection":[{"href":"https:\/\/bcniconsulting.com\/ca\/wp-json\/wp\/v2\/pages"}],"about":[{"href":"https:\/\/bcniconsulting.com\/ca\/wp-json\/wp\/v2\/types\/page"}],"author":[{"embeddable":true,"href":"https:\/\/bcniconsulting.com\/ca\/wp-json\/wp\/v2\/users\/3"}],"replies":[{"embeddable":true,"href":"https:\/\/bcniconsulting.com\/ca\/wp-json\/wp\/v2\/comments?post=290"}],"version-history":[{"count":34,"href":"https:\/\/bcniconsulting.com\/ca\/wp-json\/wp\/v2\/pages\/290\/revisions"}],"predecessor-version":[{"id":1292,"href":"https:\/\/bcniconsulting.com\/ca\/wp-json\/wp\/v2\/pages\/290\/revisions\/1292"}],"wp:attachment":[{"href":"https:\/\/bcniconsulting.com\/ca\/wp-json\/wp\/v2\/media?parent=290"}],"curies":[{"name":"wp","href":"https:\/\/api.w.org\/{rel}","templated":true}]}}