{"id":307,"date":"2023-05-09T08:14:39","date_gmt":"2023-05-09T08:14:39","guid":{"rendered":"https:\/\/bcniconsulting.com\/?page_id=307"},"modified":"2023-05-31T08:19:13","modified_gmt":"2023-05-31T08:19:13","slug":"personal","status":"publish","type":"page","link":"https:\/\/bcniconsulting.com\/ca\/personal\/","title":{"rendered":"Personal"},"content":{"rendered":"<div data-elementor-type=\"wp-page\" data-elementor-id=\"307\" class=\"elementor elementor-307\">\n\t\t\t\t\t\t<section class=\"elementor-section elementor-top-section elementor-element elementor-element-43ce28a5 elementor-section-boxed elementor-section-height-default elementor-section-height-default\" data-id=\"43ce28a5\" data-element_type=\"section\" data-e-type=\"section\" data-settings=\"{&quot;background_background&quot;:&quot;classic&quot;}\">\n\t\t\t\t\t\t\t<div class=\"elementor-background-overlay\"><\/div>\n\t\t\t\t\t\t\t<div class=\"elementor-container elementor-column-gap-default\">\n\t\t\t\t\t<div class=\"elementor-column elementor-col-100 elementor-top-column elementor-element elementor-element-422d981f\" data-id=\"422d981f\" data-element_type=\"column\" data-e-type=\"column\">\n\t\t\t<div class=\"elementor-widget-wrap elementor-element-populated\">\n\t\t\t\t\t\t<div class=\"elementor-element elementor-element-4a29797f elementor-widget elementor-widget-heading\" data-id=\"4a29797f\" data-element_type=\"widget\" data-e-type=\"widget\" data-widget_type=\"heading.default\">\n\t\t\t\t<div class=\"elementor-widget-container\">\n\t\t\t\t\t<h2 class=\"elementor-heading-title elementor-size-default\">Personal<\/h2>\t\t\t\t<\/div>\n\t\t\t\t<\/div>\n\t\t\t\t\t<\/div>\n\t\t<\/div>\n\t\t\t\t\t<\/div>\n\t\t<\/section>\n\t\t\t\t<section class=\"elementor-section elementor-top-section elementor-element elementor-element-5deed04a elementor-section-boxed elementor-section-height-default elementor-section-height-default\" data-id=\"5deed04a\" data-element_type=\"section\" data-e-type=\"section\">\n\t\t\t\t\t\t<div class=\"elementor-container elementor-column-gap-default\">\n\t\t\t\t\t<div class=\"elementor-column elementor-col-100 elementor-top-column elementor-element elementor-element-4852aa54\" data-id=\"4852aa54\" data-element_type=\"column\" data-e-type=\"column\">\n\t\t\t<div class=\"elementor-widget-wrap elementor-element-populated\">\n\t\t\t\t\t\t<section class=\"elementor-section elementor-inner-section elementor-element elementor-element-715889e1 elementor-section-boxed elementor-section-height-default elementor-section-height-default\" data-id=\"715889e1\" data-element_type=\"section\" data-e-type=\"section\">\n\t\t\t\t\t\t<div class=\"elementor-container elementor-column-gap-default\">\n\t\t\t\t\t<div class=\"elementor-column elementor-col-33 elementor-inner-column elementor-element elementor-element-1cd51938\" data-id=\"1cd51938\" data-element_type=\"column\" data-e-type=\"column\" data-settings=\"{&quot;background_background&quot;:&quot;classic&quot;}\">\n\t\t\t<div class=\"elementor-widget-wrap elementor-element-populated\">\n\t\t\t\t\t<div class=\"elementor-background-overlay\"><\/div>\n\t\t\t\t\t\t<div class=\"elementor-element elementor-element-2b895f39 elementor-widget elementor-widget-heading\" data-id=\"2b895f39\" data-element_type=\"widget\" data-e-type=\"widget\" data-widget_type=\"heading.default\">\n\t\t\t\t<div class=\"elementor-widget-container\">\n\t\t\t\t\t<h2 class=\"elementor-heading-title elementor-size-default\">Formaci\u00f3 per a empreses<\/h2>\t\t\t\t<\/div>\n\t\t\t\t<\/div>\n\t\t\t\t<div class=\"elementor-element elementor-element-74bc1a1b elementor-widget elementor-widget-text-editor\" data-id=\"74bc1a1b\" data-element_type=\"widget\" data-e-type=\"widget\" data-widget_type=\"text-editor.default\">\n\t\t\t\t<div class=\"elementor-widget-container\">\n\t\t\t\t\t\t\t\t\t<p>A dist\u00e0ncia<\/p><p>Mixta o presencial<\/p><p>Gesti\u00f3 del cr\u00e8dit formatiu<\/p><p>Bonificaci\u00f3 a FUNDAE<\/p>\t\t\t\t\t\t\t\t<\/div>\n\t\t\t\t<\/div>\n\t\t\t\t\t<\/div>\n\t\t<\/div>\n\t\t\t\t<div class=\"elementor-column elementor-col-33 elementor-inner-column elementor-element elementor-element-3d6c6a4d\" data-id=\"3d6c6a4d\" data-element_type=\"column\" data-e-type=\"column\" data-settings=\"{&quot;background_background&quot;:&quot;classic&quot;}\">\n\t\t\t<div class=\"elementor-widget-wrap elementor-element-populated\">\n\t\t\t\t\t<div class=\"elementor-background-overlay\"><\/div>\n\t\t\t\t\t\t<div class=\"elementor-element elementor-element-71b4e8a2 elementor-widget elementor-widget-heading\" data-id=\"71b4e8a2\" data-element_type=\"widget\" data-e-type=\"widget\" data-widget_type=\"heading.default\">\n\t\t\t\t<div class=\"elementor-widget-container\">\n\t\t\t\t\t<h2 class=\"elementor-heading-title elementor-size-default\">Resoluci\u00f3 de conflictes i mediaci\u00f3 empresarial<\/h2>\t\t\t\t<\/div>\n\t\t\t\t<\/div>\n\t\t\t\t<div class=\"elementor-element elementor-element-2af48c8 elementor-widget elementor-widget-text-editor\" data-id=\"2af48c8\" data-element_type=\"widget\" data-e-type=\"widget\" data-widget_type=\"text-editor.default\">\n\t\t\t\t<div class=\"elementor-widget-container\">\n\t\t\t\t\t\t\t\t\t<p>Proceso voluntario, dirigido por un mediadior, en la que participan las partes implicadas y que se enfoca en la resoluci\u00f3n del conflicto.<\/p>\t\t\t\t\t\t\t\t<\/div>\n\t\t\t\t<\/div>\n\t\t\t\t\t<\/div>\n\t\t<\/div>\n\t\t\t\t<div class=\"elementor-column elementor-col-33 elementor-inner-column elementor-element elementor-element-40a762ac\" data-id=\"40a762ac\" data-element_type=\"column\" data-e-type=\"column\" data-settings=\"{&quot;background_background&quot;:&quot;classic&quot;}\">\n\t\t\t<div class=\"elementor-widget-wrap elementor-element-populated\">\n\t\t\t\t\t<div class=\"elementor-background-overlay\"><\/div>\n\t\t\t\t\t\t<div class=\"elementor-element elementor-element-64d7667e elementor-widget elementor-widget-heading\" data-id=\"64d7667e\" data-element_type=\"widget\" data-e-type=\"widget\" data-widget_type=\"heading.default\">\n\t\t\t\t<div class=\"elementor-widget-container\">\n\t\t\t\t\t<h2 class=\"elementor-heading-title elementor-size-default\">Selecci\u00f3 de personal<\/h2>\t\t\t\t<\/div>\n\t\t\t\t<\/div>\n\t\t\t\t<div class=\"elementor-element elementor-element-fc3bd1d elementor-widget elementor-widget-text-editor\" data-id=\"fc3bd1d\" data-element_type=\"widget\" data-e-type=\"widget\" data-widget_type=\"text-editor.default\">\n\t\t\t\t<div class=\"elementor-widget-container\">\n\t\t\t\t\t\t\t\t\t<p>Te ayudamos a escoger al candidato adecuado para un puesto de trabajo.<\/p>\t\t\t\t\t\t\t\t<\/div>\n\t\t\t\t<\/div>\n\t\t\t\t\t<\/div>\n\t\t<\/div>\n\t\t\t\t\t<\/div>\n\t\t<\/section>\n\t\t\t\t\t<\/div>\n\t\t<\/div>\n\t\t\t\t\t<\/div>\n\t\t<\/section>\n\t\t\t\t<\/div>","protected":false},"excerpt":{"rendered":"<p>Personal Formaci\u00f3n para empresas A distancia Mixta o presencial Gesti\u00f3n del cr\u00e9dito formativo Bonificaci\u00f3n en FUNDAE Resoluci\u00f3n de conflictos y mediaci\u00f3n empresarial Proceso voluntario, dirigido por un mediadior, en la que participan las partes implicadas y que se enfoca en la resoluci\u00f3n del conflicto. Selecci\u00f3n de personal Te ayudamos a escoger al candidato adecuado para [&hellip;]<\/p>\n","protected":false},"author":3,"featured_media":0,"parent":0,"menu_order":0,"comment_status":"closed","ping_status":"closed","template":"","meta":{"_joinchat":[],"footnotes":""},"class_list":["post-307","page","type-page","status-publish","hentry"],"yoast_head":"<!-- This site is optimized with the Yoast SEO plugin v27.5 - https:\/\/yoast.com\/product\/yoast-seo-wordpress\/ -->\n<title>Personal - BCN Integral Consulting<\/title>\n<meta name=\"robots\" content=\"index, follow, max-snippet:-1, max-image-preview:large, max-video-preview:-1\" \/>\n<link rel=\"canonical\" href=\"https:\/\/bcniconsulting.com\/ca\/personal\/\" \/>\n<meta property=\"og:locale\" content=\"ca_ES\" \/>\n<meta property=\"og:type\" content=\"article\" \/>\n<meta property=\"og:title\" content=\"Personal - BCN Integral Consulting\" \/>\n<meta property=\"og:description\" content=\"Personal Formaci\u00f3n para empresas A distancia Mixta o presencial Gesti\u00f3n del cr\u00e9dito formativo Bonificaci\u00f3n en FUNDAE Resoluci\u00f3n de conflictos y mediaci\u00f3n empresarial Proceso voluntario, dirigido por un mediadior, en la que participan las partes implicadas y que se enfoca en la resoluci\u00f3n del conflicto. Selecci\u00f3n de personal Te ayudamos a escoger al candidato adecuado para [&hellip;]\" \/>\n<meta property=\"og:url\" content=\"https:\/\/bcniconsulting.com\/ca\/personal\/\" \/>\n<meta property=\"og:site_name\" content=\"BCN Integral Consulting\" \/>\n<meta property=\"article:modified_time\" content=\"2023-05-31T08:19:13+00:00\" \/>\n<meta name=\"twitter:card\" content=\"summary_large_image\" \/>\n<meta name=\"twitter:label1\" content=\"Temps estimat de lectura\" \/>\n\t<meta name=\"twitter:data1\" content=\"1 minut\" \/>\n<script type=\"application\/ld+json\" class=\"yoast-schema-graph\">{\"@context\":\"https:\\\/\\\/schema.org\",\"@graph\":[{\"@type\":\"WebPage\",\"@id\":\"https:\\\/\\\/bcniconsulting.com\\\/personal\\\/\",\"url\":\"https:\\\/\\\/bcniconsulting.com\\\/personal\\\/\",\"name\":\"Personal - BCN Integral Consulting\",\"isPartOf\":{\"@id\":\"https:\\\/\\\/bcniconsulting.com\\\/#website\"},\"datePublished\":\"2023-05-09T08:14:39+00:00\",\"dateModified\":\"2023-05-31T08:19:13+00:00\",\"breadcrumb\":{\"@id\":\"https:\\\/\\\/bcniconsulting.com\\\/personal\\\/#breadcrumb\"},\"inLanguage\":\"ca\",\"potentialAction\":[{\"@type\":\"ReadAction\",\"target\":[\"https:\\\/\\\/bcniconsulting.com\\\/personal\\\/\"]}]},{\"@type\":\"BreadcrumbList\",\"@id\":\"https:\\\/\\\/bcniconsulting.com\\\/personal\\\/#breadcrumb\",\"itemListElement\":[{\"@type\":\"ListItem\",\"position\":1,\"name\":\"Portada\",\"item\":\"https:\\\/\\\/bcniconsulting.com\\\/\"},{\"@type\":\"ListItem\",\"position\":2,\"name\":\"Personal\"}]},{\"@type\":\"WebSite\",\"@id\":\"https:\\\/\\\/bcniconsulting.com\\\/#website\",\"url\":\"https:\\\/\\\/bcniconsulting.com\\\/\",\"name\":\"BCN Integral Consulting\",\"description\":\"Gestor\u00eda\",\"publisher\":{\"@id\":\"https:\\\/\\\/bcniconsulting.com\\\/#organization\"},\"potentialAction\":[{\"@type\":\"SearchAction\",\"target\":{\"@type\":\"EntryPoint\",\"urlTemplate\":\"https:\\\/\\\/bcniconsulting.com\\\/?s={search_term_string}\"},\"query-input\":{\"@type\":\"PropertyValueSpecification\",\"valueRequired\":true,\"valueName\":\"search_term_string\"}}],\"inLanguage\":\"ca\"},{\"@type\":\"Organization\",\"@id\":\"https:\\\/\\\/bcniconsulting.com\\\/#organization\",\"name\":\"BCN Integral Consulting\",\"url\":\"https:\\\/\\\/bcniconsulting.com\\\/\",\"logo\":{\"@type\":\"ImageObject\",\"inLanguage\":\"ca\",\"@id\":\"https:\\\/\\\/bcniconsulting.com\\\/#\\\/schema\\\/logo\\\/image\\\/\",\"url\":\"https:\\\/\\\/bcniconsulting.com\\\/wp-content\\\/uploads\\\/2023\\\/04\\\/cropped-barcelona-integral-consulting-logo.png\",\"contentUrl\":\"https:\\\/\\\/bcniconsulting.com\\\/wp-content\\\/uploads\\\/2023\\\/04\\\/cropped-barcelona-integral-consulting-logo.png\",\"width\":525,\"height\":246,\"caption\":\"BCN Integral Consulting\"},\"image\":{\"@id\":\"https:\\\/\\\/bcniconsulting.com\\\/#\\\/schema\\\/logo\\\/image\\\/\"}}]}<\/script>\n<!-- \/ Yoast SEO plugin. -->","yoast_head_json":{"title":"Personal - BCN Integral Consulting","robots":{"index":"index","follow":"follow","max-snippet":"max-snippet:-1","max-image-preview":"max-image-preview:large","max-video-preview":"max-video-preview:-1"},"canonical":"https:\/\/bcniconsulting.com\/ca\/personal\/","og_locale":"ca_ES","og_type":"article","og_title":"Personal - BCN Integral Consulting","og_description":"Personal Formaci\u00f3n para empresas A distancia Mixta o presencial Gesti\u00f3n del cr\u00e9dito formativo Bonificaci\u00f3n en FUNDAE Resoluci\u00f3n de conflictos y mediaci\u00f3n empresarial Proceso voluntario, dirigido por un mediadior, en la que participan las partes implicadas y que se enfoca en la resoluci\u00f3n del conflicto. Selecci\u00f3n de personal Te ayudamos a escoger al candidato adecuado para [&hellip;]","og_url":"https:\/\/bcniconsulting.com\/ca\/personal\/","og_site_name":"BCN Integral Consulting","article_modified_time":"2023-05-31T08:19:13+00:00","twitter_card":"summary_large_image","twitter_misc":{"Temps estimat de lectura":"1 minut"},"schema":{"@context":"https:\/\/schema.org","@graph":[{"@type":"WebPage","@id":"https:\/\/bcniconsulting.com\/personal\/","url":"https:\/\/bcniconsulting.com\/personal\/","name":"Personal - BCN Integral Consulting","isPartOf":{"@id":"https:\/\/bcniconsulting.com\/#website"},"datePublished":"2023-05-09T08:14:39+00:00","dateModified":"2023-05-31T08:19:13+00:00","breadcrumb":{"@id":"https:\/\/bcniconsulting.com\/personal\/#breadcrumb"},"inLanguage":"ca","potentialAction":[{"@type":"ReadAction","target":["https:\/\/bcniconsulting.com\/personal\/"]}]},{"@type":"BreadcrumbList","@id":"https:\/\/bcniconsulting.com\/personal\/#breadcrumb","itemListElement":[{"@type":"ListItem","position":1,"name":"Portada","item":"https:\/\/bcniconsulting.com\/"},{"@type":"ListItem","position":2,"name":"Personal"}]},{"@type":"WebSite","@id":"https:\/\/bcniconsulting.com\/#website","url":"https:\/\/bcniconsulting.com\/","name":"BCN Assessorament Integral","description":"Gestor\u00eda","publisher":{"@id":"https:\/\/bcniconsulting.com\/#organization"},"potentialAction":[{"@type":"SearchAction","target":{"@type":"EntryPoint","urlTemplate":"https:\/\/bcniconsulting.com\/?s={search_term_string}"},"query-input":{"@type":"PropertyValueSpecification","valueRequired":true,"valueName":"search_term_string"}}],"inLanguage":"ca"},{"@type":"Organization","@id":"https:\/\/bcniconsulting.com\/#organization","name":"BCN Assessorament Integral","url":"https:\/\/bcniconsulting.com\/","logo":{"@type":"ImageObject","inLanguage":"ca","@id":"https:\/\/bcniconsulting.com\/#\/schema\/logo\/image\/","url":"https:\/\/bcniconsulting.com\/wp-content\/uploads\/2023\/04\/cropped-barcelona-integral-consulting-logo.png","contentUrl":"https:\/\/bcniconsulting.com\/wp-content\/uploads\/2023\/04\/cropped-barcelona-integral-consulting-logo.png","width":525,"height":246,"caption":"BCN Integral Consulting"},"image":{"@id":"https:\/\/bcniconsulting.com\/#\/schema\/logo\/image\/"}}]}},"_links":{"self":[{"href":"https:\/\/bcniconsulting.com\/ca\/wp-json\/wp\/v2\/pages\/307","targetHints":{"allow":["GET"]}}],"collection":[{"href":"https:\/\/bcniconsulting.com\/ca\/wp-json\/wp\/v2\/pages"}],"about":[{"href":"https:\/\/bcniconsulting.com\/ca\/wp-json\/wp\/v2\/types\/page"}],"author":[{"embeddable":true,"href":"https:\/\/bcniconsulting.com\/ca\/wp-json\/wp\/v2\/users\/3"}],"replies":[{"embeddable":true,"href":"https:\/\/bcniconsulting.com\/ca\/wp-json\/wp\/v2\/comments?post=307"}],"version-history":[{"count":40,"href":"https:\/\/bcniconsulting.com\/ca\/wp-json\/wp\/v2\/pages\/307\/revisions"}],"predecessor-version":[{"id":1298,"href":"https:\/\/bcniconsulting.com\/ca\/wp-json\/wp\/v2\/pages\/307\/revisions\/1298"}],"wp:attachment":[{"href":"https:\/\/bcniconsulting.com\/ca\/wp-json\/wp\/v2\/media?parent=307"}],"curies":[{"name":"wp","href":"https:\/\/api.w.org\/{rel}","templated":true}]}}