{"id":797,"date":"2023-05-17T07:53:14","date_gmt":"2023-05-17T07:53:14","guid":{"rendered":"https:\/\/bcniconsulting.com\/?page_id=797"},"modified":"2023-11-08T18:30:12","modified_gmt":"2023-11-08T16:30:12","slug":"politica-de-privacidad","status":"publish","type":"page","link":"https:\/\/bcniconsulting.com\/ca\/politica-de-privacidad\/","title":{"rendered":"Pol\u00edtica de privacitat"},"content":{"rendered":"<div data-elementor-type=\"wp-page\" data-elementor-id=\"797\" class=\"elementor elementor-797\">\n\t\t\t\t\t\t<section class=\"elementor-section elementor-top-section elementor-element elementor-element-6ee7ef8d elementor-section-boxed elementor-section-height-default elementor-section-height-default\" data-id=\"6ee7ef8d\" data-element_type=\"section\" data-e-type=\"section\" data-settings=\"{&quot;background_background&quot;:&quot;classic&quot;}\">\n\t\t\t\t\t\t\t<div class=\"elementor-background-overlay\"><\/div>\n\t\t\t\t\t\t\t<div class=\"elementor-container elementor-column-gap-default\">\n\t\t\t\t\t<div class=\"elementor-column elementor-col-100 elementor-top-column elementor-element elementor-element-428b9b41\" data-id=\"428b9b41\" data-element_type=\"column\" data-e-type=\"column\">\n\t\t\t<div class=\"elementor-widget-wrap elementor-element-populated\">\n\t\t\t\t\t\t<div class=\"elementor-element elementor-element-58cad4cf elementor-widget elementor-widget-heading\" data-id=\"58cad4cf\" data-element_type=\"widget\" data-e-type=\"widget\" data-widget_type=\"heading.default\">\n\t\t\t\t<div class=\"elementor-widget-container\">\n\t\t\t\t\t<h2 class=\"elementor-heading-title elementor-size-default\">Pol\u00edtica de privacitat<\/h2>\t\t\t\t<\/div>\n\t\t\t\t<\/div>\n\t\t\t\t\t<\/div>\n\t\t<\/div>\n\t\t\t\t\t<\/div>\n\t\t<\/section>\n\t\t\t\t<section class=\"elementor-section elementor-top-section elementor-element elementor-element-165b6f67 elementor-section-boxed elementor-section-height-default elementor-section-height-default\" data-id=\"165b6f67\" data-element_type=\"section\" data-e-type=\"section\">\n\t\t\t\t\t\t<div class=\"elementor-container elementor-column-gap-default\">\n\t\t\t\t\t<div class=\"elementor-column elementor-col-100 elementor-top-column elementor-element elementor-element-4588347d\" data-id=\"4588347d\" data-element_type=\"column\" data-e-type=\"column\">\n\t\t\t<div class=\"elementor-widget-wrap elementor-element-populated\">\n\t\t\t\t\t\t<div class=\"elementor-element elementor-element-49c2234 elementor-widget elementor-widget-text-editor\" data-id=\"49c2234\" data-element_type=\"widget\" data-e-type=\"widget\" data-widget_type=\"text-editor.default\">\n\t\t\t\t<div class=\"elementor-widget-container\">\n\t\t\t\t\t\t\t\t\t<p>Datos del propietario de la web:<\/p><p><strong>\u00a0<\/strong><\/p><table><tbody><tr><td width=\"98\"><p><strong>RAZ\u00d3N SOCIAL<\/strong><\/p><\/td><td width=\"363\"><p>BARCELONA INTEGRAL CONSULTING SL<\/p><\/td><\/tr><tr><td width=\"98\"><p><strong>NIF<\/strong><\/p><\/td><td width=\"363\"><p>B63551220<\/p><\/td><\/tr><tr><td width=\"98\"><p><strong>DIRECCI\u00d3N<\/strong><\/p><p><strong>POSTAL<\/strong><\/p><\/td><td width=\"363\"><p>RAMBLA CATALUNYA, 98 &#8211; P. 1 08008, BARCELONA<\/p><\/td><\/tr><tr><td width=\"98\"><p><strong>DIRECCI\u00d3N<\/strong><\/p><p><strong>ELECTR\u00d3NICA<\/strong><\/p><\/td><td width=\"363\"><p><a href=\"mailto:info@bcniconsulting.es\">info@bcniconsulting.es<\/a><\/p><\/td><\/tr><tr><td width=\"98\"><p><strong>TEL\u00c9FONOS<\/strong><\/p><\/td><td width=\"363\"><p>661257961<\/p><\/td><\/tr><tr><td width=\"98\"><p><strong>REGISTRO<\/strong><\/p><p><strong>MERCANTIL<\/strong><\/p><\/td><td width=\"363\"><p>tomo &#8230;&#8230;&#8230;&#8230;&#8230;.., folio &#8230;&#8230;&#8230;&#8230;&#8230;.., hoja &#8230;&#8230;&#8230;&#8230;&#8230;.. e inscripci\u00f3n &#8230;&#8230;&#8230;&#8230;&#8230;..<\/p><\/td><\/tr><tr><td width=\"98\"><p><strong>OBJETO<\/strong><\/p><p><strong>PRINCIPAL<\/strong><\/p><\/td><td width=\"363\"><p>servicios de asesoramiento integral y tr\u00e1mites varios tanto para particulares como para empresas<\/p><\/td><\/tr><\/tbody><\/table><p><strong>\u00a0<\/strong><\/p><p><strong>\u00a0<\/strong><\/p><p><strong>Protecci\u00f3n de datos<\/strong><\/p><p><strong>\u00a0<\/strong><\/p><p>De conformidad con la normativa vigente y aplicable en protecci\u00f3n de datos de car\u00e1cter personal, le informamos que sus datos ser\u00e1n incorporados al sistema de tratamiento titularidad de BARCELONA INTEGRAL CONSULTING SL con NIF B63551220 y domicilio social sito en RAMBLA CATALUNYA, 98 &#8211; P. 1 08008, BARCELONA, y que a continuaci\u00f3n se relacionan sus respectivas finalidades, plazos de conservaci\u00f3n y bases legitimadoras. Para aquellos tratamientos que lo requieran, se informa tambi\u00e9n de la posible elaboraci\u00f3n de perfiles y decisiones automatizadas, as\u00ed como las posibles cesiones y las transferencias internacionales que BARCELONA INTEGRAL CONSULTING SL tiene previsto realizar:<\/p><p>\u00a0<\/p><table><tbody><tr><td colspan=\"2\" width=\"462\"><p><strong>TRATAMIENTOS REALIZADOS<\/strong><\/p><\/td><\/tr><tr><td width=\"84\"><p>\u00a0<\/p><p>\u00a0<\/p><p>\u00a0<\/p><p><strong>Gesti\u00f3n de la p\u00e1gina web<\/strong><\/p><\/td><td width=\"377\"><p>\u00a0<\/p><p><strong>Finalidad<\/strong>: Tratamiento y gesti\u00f3n de los datos necesarios para la funcionalidad de la p\u00e1gina web<\/p><p><strong>Plazo de conservaci\u00f3n<\/strong>: mientras perdure el consentimiento prestado<\/p><p><strong>Base leg\u00edtima<\/strong>: El consentimiento del interesado <strong>Tipolog\u00eda de Datos<\/strong>: Datos meramente identificativos <strong>Cesiones<\/strong>: No se prev\u00e9n<\/p><p><strong>Transferencias internacionales<\/strong>: No se prev\u00e9n<\/p><p><strong>Elaboraciones de perfiles<\/strong>: No se prev\u00e9n<\/p><\/td><\/tr><tr><td width=\"84\"><p>\u00a0<\/p><p>\u00a0<\/p><p>\u00a0<\/p><p><strong>Formulario<\/strong> <strong>web<\/strong><\/p><\/td><td width=\"377\"><p>\u00a0<\/p><p><strong>Finalidad<\/strong>: Atender sus consultas y\/o solicitudes<\/p><p><strong>Plazo de conservaci\u00f3n<\/strong>: mientras se mantenga el consentimiento prestado.<\/p><p><strong>Base leg\u00edtima<\/strong>: El consentimiento del interesado <strong>Tipolog\u00eda de Datos: <\/strong>Datos meramente identificativos <strong>Cesiones<\/strong>: Ninguna<\/p><p><strong>Transferencias internacionales<\/strong>: No se prev\u00e9n<\/p><p><strong>Elaboraciones de perfiles<\/strong>: No se prev\u00e9n<\/p><\/td><\/tr><\/tbody><\/table><p class=\"font_8 wixui-rich-text__text\">\u00a0<\/p><p>\u00a0<\/p><p>\u00a0<\/p><p>\u00a0<\/p><p>\u00a0<\/p><table><tbody><tr><td width=\"84\"><p>\u00a0<\/p><p>\u00a0<\/p><p>\u00a0<\/p><p>\u00a0<\/p><p><strong>Gesti\u00f3n del cumplimiento normativo<\/strong><\/p><\/td><td width=\"377\"><p>\u00a0<\/p><p><strong>Finalidad<\/strong>: Gesti\u00f3n y tramitaci\u00f3n de las obligaciones y deberes que se deriven del cumplimiento de la normativa a la cual est\u00e1 sujeta la entidad<\/p><p><strong>Plazo de conservaci\u00f3n<\/strong>: conservaci\u00f3n de las copias de los documentos hasta que prescriban las acciones para reclamarle una posible responsabilidad<\/p><p><strong>Base leg\u00edtima<\/strong>: El cumplimiento de una ley<\/p><p><strong>Tipolog\u00eda de Datos: <\/strong>Datos meramente identificativos<\/p><p><strong>Cesiones<\/strong>: sus datos ser\u00e1n comunicados en caso de ser necesario a Organismos y\/o administraci\u00f3n p\u00fablica con competencia en la materia con la finalidad de cumplir con las obligaciones establecidas en la normativa aplicable. Adem\u00e1s, se informa que la base legitimadora de la cesi\u00f3n es cumplir con las obligaciones establecidas en la normativa aplicable<\/p><p><strong>Transferencias internacionales<\/strong>: No se prev\u00e9n<\/p><p><strong>Elaboraciones de perfiles<\/strong>: No se prev\u00e9n<\/p><\/td><\/tr><tr><td width=\"84\"><p>\u00a0<\/p><p>\u00a0<\/p><p>\u00a0<\/p><p><strong>Acciones Comerciales<\/strong><\/p><\/td><td width=\"377\"><p>\u00a0<\/p><p><strong>Finalidad<\/strong>: Captaci\u00f3n, registro y tratamiento de datos con finalidades de publicidad y prospecci\u00f3n comercial de nuestros productos y\/o servicios<\/p><p><strong>Plazo de conservaci\u00f3n<\/strong>: mientras se mantenga el consentimiento prestado<\/p><p><strong>Base leg\u00edtima<\/strong>: El consentimiento del interesado <strong>Tipolog\u00eda de Datos: <\/strong>Datos meramente identificativos <strong>Cesiones<\/strong>: Ninguna<\/p><p><strong>Transferencias internacionales<\/strong>: No se prev\u00e9n<\/p><p><strong>Elaboraciones de perfiles<\/strong>: No se prev\u00e9n<\/p><\/td><\/tr><\/tbody><\/table><p>\u00a0<\/p><p>\u00a0<\/p><p>A su vez, le informamos que puede contactar con el Delegado de Protecci\u00f3n de Datos, dirigi\u00e9ndose por escrito a la direcci\u00f3n de correo \u2026\u2026\u2026\u2026\u2026\u2026\u2026\u2026\u2026\u2026\u2026\u2026.. o al tel\u00e9fono \u2026\u2026\u2026\u2026\u2026\u2026\u2026\u2026\u2026.<\/p><p>\u00a0<\/p><p>A su vez, le informamos que puede contactar con el Delegado de Protecci\u00f3n de Datos, dirigi\u00e9ndose por escrito a la direcci\u00f3n de correo <a href=\"mailto:dpd.cliente@conversia.es\">dpd.cliente@conversia.es <\/a>o al tel\u00e9fono 902 877 192.<\/p><p>\u00a0<\/p><p>Derechos de los interesados<\/p><p><strong>\u00a0<\/strong><\/p><p>BARCELONA INTEGRAL CONSULTING SL informa a los Usuarios que, podr\u00e1 ejercer los derechos de acceso, rectificaci\u00f3n, limitaci\u00f3n, supresi\u00f3n, portabilidad y oposici\u00f3n al tratamiento de sus datos de car\u00e1cter personal ante el Responsable del Tratamiento, as\u00ed como a la retirada del consentimiento prestado.<\/p><p>\u00a0<\/p><ul><li><strong><u>Derecho de Acceso<\/u><\/strong>: Es el derecho del usuario a obtener informaci\u00f3n sobre sus datos concretos de car\u00e1cter personal y del tratamiento que se haya realizado o realice, as\u00ed como de la informaci\u00f3n disponible sobre el origen de dichos datos y las comunicaciones realizadas o previstas de los<\/li><li><strong><u>Derecho de Rectificaci\u00f3n<\/u><\/strong>: Es el derecho del afectado a que se modifiquen los datos que resulten ser inexactos o incompletos. S\u00f3lo podr\u00e1 satisfacerse en relaci\u00f3n a aquella informaci\u00f3n que se encuentre bajo el control de la APP, por ejemplo, eliminar comentarios publicados en la propia p\u00e1gina, im\u00e1genes o contenidos web donde consten datos de car\u00e1cter personal del usuario.<\/li><li><strong><u>Derecho a la Limitaci\u00f3n de tratamiento<\/u><\/strong>: Es el derecho a que se limiten los fines del tratamiento previstos de forma original por el responsable del<\/li><li><strong><u>Derecho de Supresi\u00f3n<\/u><\/strong>: Es el derecho a suprimir los datos de car\u00e1cter personal del usuario, a excepci\u00f3n de lo previsto en el propio RGPD o en otras normativas aplicables que determinen la obligatoriedad de la conservaci\u00f3n de los mismos, en tiempo y<\/li><li><strong><u>Derecho de portabilidad<\/u><\/strong>: El derecho a recibir los datos personales que el usuario, haya facilitado, en un formato estructurado, de uso com\u00fan y lectura mec\u00e1nica, y a transmitirlos a otro<\/li><\/ul><p class=\"font_8 wixui-rich-text__text\">\u00a0<\/p><p>\u00a0<\/p><p>\u00a0<\/p><p>\u00a0<\/p><p>\u00a0<\/p><ul><li><strong><u>Derecho de Oposici\u00f3n<\/u><\/strong>: Es el derecho del usuario a que no se lleve a cabo el tratamiento de sus datos de car\u00e1cter personal o se cese el tratamiento de los mismos por parte de la<\/li><\/ul><p>\u00a0<\/p><p>Para poder ejercer cualquiera de los derechos descritos anteriormente deber\u00e1 cumplir con los siguientes requisitos:<\/p><p>\u00a0<\/p><ul><li>Presentaci\u00f3n de un escrito a la direcci\u00f3n RAMBLA CATALUNYA, 98 &#8211; P. 1 08008, BARCELONA (a la atenci\u00f3n de BARCELONA INTEGRAL CONSULTING SL) o bien a trav\u00e9s de correo electr\u00f3nico a por correo electr\u00f3nico a <a href=\"mailto:info@bcniconsulting.es\">info@bcniconsulting.es.<\/a><\/li><li>El escrito remitido por el titular de los datos que solicite el ejercicio deber\u00e1 de cumplir los siguientes requisitos legales:<ul><li>Nombre, apellidos del interesado y copia del DNI\/NIE o cualquier documento identificativo. En los excepcionales casos en que se admita la representaci\u00f3n, ser\u00e1 tambi\u00e9n necesaria la identificaci\u00f3n por el mismo medio de la persona que le representa, as\u00ed como el documento acreditativo de la representaci\u00f3n. La fotocopia del DNI podr\u00e1 ser sustituida siempre que se acredite la identidad por cualquier otro medio v\u00e1lido en derecho.<\/li><li>Petici\u00f3n en que se concreta la (Ejercicio en el que se solicita la informaci\u00f3n a la que se quiere acceder). Si no hace referencia a un fichero concreto se le facilitar\u00e1 toda la informaci\u00f3n que se tenga con sus datos de car\u00e1cter personal. Si solicita informaci\u00f3n de un fichero en concreto, s\u00f3lo la informaci\u00f3n de este fichero. Si solicita informaci\u00f3n relativa a un tercero nunca se podr\u00e1 facilitar. Si lo solicita por tel\u00e9fono se le indicar\u00e1 que lo haga por escrito y se le informar\u00e1 de c\u00f3mo lo puede hacer y la direcci\u00f3n a la que tiene que enviarlo. Nunca se le dar\u00e1 informaci\u00f3n por tel\u00e9fono.<\/li><li>Domicilio a efectos de<\/li><li>Fecha y firma del<\/li><li>Documentos acreditativos de la petici\u00f3n que<\/li><li>El interesado debe utilizar cualquier medio que permita acreditar el env\u00edo y la recepci\u00f3n de la<\/li><\/ul><\/li><\/ul><p>\u00a0<\/p><p>Por \u00faltimo, le informamos que Usted tiene derecho a presentar una reclamaci\u00f3n ante la Agencia Espa\u00f1ola de Protecci\u00f3n de Datos en caso de que tenga conocimiento o considere que un hecho pueda suponer un incumplimiento de la normativa aplicable en materia de protecci\u00f3n de datos.<\/p><p>\u00a0<\/p><p>BARCELONA INTEGRAL CONSULTING SL se compromete a adoptar las medidas t\u00e9cnicas y organizativas necesarias, acorde al nivel de riesgos que acompa\u00f1an los tratamientos realizados por \u00e9stas e indicados en el apartado de los t\u00e9rminos y condiciones de uso, de forma que garanticen su integridad, confidencialidad y disponibilidad.<\/p><p>\u00a0<\/p><p>\u00a0<\/p><p><strong><u>\u00daLTIMA ACTUALIZACI\u00d3N<\/u><\/strong><strong>: 24 de marzo de 2022<\/strong><\/p>\t\t\t\t\t\t\t\t<\/div>\n\t\t\t\t<\/div>\n\t\t\t\t\t<\/div>\n\t\t<\/div>\n\t\t\t\t\t<\/div>\n\t\t<\/section>\n\t\t\t\t<\/div>","protected":false},"excerpt":{"rendered":"<p>Pol\u00edtica de Privacidad Datos del propietario de la web: \u00a0 RAZ\u00d3N SOCIAL BARCELONA INTEGRAL CONSULTING SL NIF B63551220 DIRECCI\u00d3N POSTAL RAMBLA CATALUNYA, 98 &#8211; P. 1 08008, BARCELONA DIRECCI\u00d3N ELECTR\u00d3NICA info@bcniconsulting.es TEL\u00c9FONOS 661257961 REGISTRO MERCANTIL tomo &#8230;&#8230;&#8230;&#8230;&#8230;.., folio &#8230;&#8230;&#8230;&#8230;&#8230;.., hoja &#8230;&#8230;&#8230;&#8230;&#8230;.. e inscripci\u00f3n &#8230;&#8230;&#8230;&#8230;&#8230;.. OBJETO PRINCIPAL servicios de asesoramiento integral y tr\u00e1mites varios tanto para [&hellip;]<\/p>\n","protected":false},"author":3,"featured_media":0,"parent":0,"menu_order":0,"comment_status":"closed","ping_status":"closed","template":"","meta":{"_joinchat":[],"footnotes":""},"class_list":["post-797","page","type-page","status-publish","hentry"],"yoast_head":"<!-- This site is optimized with the Yoast SEO plugin v27.5 - https:\/\/yoast.com\/product\/yoast-seo-wordpress\/ -->\n<title>Pol\u00edtica de Privacidad - BCN Integral Consulting<\/title>\n<meta name=\"robots\" content=\"index, follow, max-snippet:-1, max-image-preview:large, max-video-preview:-1\" \/>\n<link rel=\"canonical\" href=\"https:\/\/bcniconsulting.com\/ca\/politica-de-privacidad\/\" \/>\n<meta property=\"og:locale\" content=\"ca_ES\" \/>\n<meta property=\"og:type\" content=\"article\" \/>\n<meta property=\"og:title\" content=\"Pol\u00edtica de Privacidad - BCN Integral Consulting\" \/>\n<meta property=\"og:description\" content=\"Pol\u00edtica de Privacidad Datos del propietario de la web: \u00a0 RAZ\u00d3N SOCIAL BARCELONA INTEGRAL CONSULTING SL NIF B63551220 DIRECCI\u00d3N POSTAL RAMBLA CATALUNYA, 98 &#8211; P. 1 08008, BARCELONA DIRECCI\u00d3N ELECTR\u00d3NICA info@bcniconsulting.es TEL\u00c9FONOS 661257961 REGISTRO MERCANTIL tomo &#8230;&#8230;&#8230;&#8230;&#8230;.., folio &#8230;&#8230;&#8230;&#8230;&#8230;.., hoja &#8230;&#8230;&#8230;&#8230;&#8230;.. e inscripci\u00f3n &#8230;&#8230;&#8230;&#8230;&#8230;.. OBJETO PRINCIPAL servicios de asesoramiento integral y tr\u00e1mites varios tanto para [&hellip;]\" \/>\n<meta property=\"og:url\" content=\"https:\/\/bcniconsulting.com\/ca\/politica-de-privacidad\/\" \/>\n<meta property=\"og:site_name\" content=\"BCN Integral Consulting\" \/>\n<meta property=\"article:modified_time\" content=\"2023-11-08T16:30:12+00:00\" \/>\n<meta name=\"twitter:card\" content=\"summary_large_image\" \/>\n<meta name=\"twitter:label1\" content=\"Temps estimat de lectura\" \/>\n\t<meta name=\"twitter:data1\" content=\"6 minuts\" \/>\n<script type=\"application\/ld+json\" class=\"yoast-schema-graph\">{\"@context\":\"https:\\\/\\\/schema.org\",\"@graph\":[{\"@type\":\"WebPage\",\"@id\":\"https:\\\/\\\/bcniconsulting.com\\\/politica-de-privacidad\\\/\",\"url\":\"https:\\\/\\\/bcniconsulting.com\\\/politica-de-privacidad\\\/\",\"name\":\"Pol\u00edtica de Privacidad - BCN Integral Consulting\",\"isPartOf\":{\"@id\":\"https:\\\/\\\/bcniconsulting.com\\\/#website\"},\"datePublished\":\"2023-05-17T07:53:14+00:00\",\"dateModified\":\"2023-11-08T16:30:12+00:00\",\"breadcrumb\":{\"@id\":\"https:\\\/\\\/bcniconsulting.com\\\/politica-de-privacidad\\\/#breadcrumb\"},\"inLanguage\":\"ca\",\"potentialAction\":[{\"@type\":\"ReadAction\",\"target\":[\"https:\\\/\\\/bcniconsulting.com\\\/politica-de-privacidad\\\/\"]}]},{\"@type\":\"BreadcrumbList\",\"@id\":\"https:\\\/\\\/bcniconsulting.com\\\/politica-de-privacidad\\\/#breadcrumb\",\"itemListElement\":[{\"@type\":\"ListItem\",\"position\":1,\"name\":\"Portada\",\"item\":\"https:\\\/\\\/bcniconsulting.com\\\/\"},{\"@type\":\"ListItem\",\"position\":2,\"name\":\"Pol\u00edtica de Privacidad\"}]},{\"@type\":\"WebSite\",\"@id\":\"https:\\\/\\\/bcniconsulting.com\\\/#website\",\"url\":\"https:\\\/\\\/bcniconsulting.com\\\/\",\"name\":\"BCN Integral Consulting\",\"description\":\"Gestor\u00eda\",\"publisher\":{\"@id\":\"https:\\\/\\\/bcniconsulting.com\\\/#organization\"},\"potentialAction\":[{\"@type\":\"SearchAction\",\"target\":{\"@type\":\"EntryPoint\",\"urlTemplate\":\"https:\\\/\\\/bcniconsulting.com\\\/?s={search_term_string}\"},\"query-input\":{\"@type\":\"PropertyValueSpecification\",\"valueRequired\":true,\"valueName\":\"search_term_string\"}}],\"inLanguage\":\"ca\"},{\"@type\":\"Organization\",\"@id\":\"https:\\\/\\\/bcniconsulting.com\\\/#organization\",\"name\":\"BCN Integral Consulting\",\"url\":\"https:\\\/\\\/bcniconsulting.com\\\/\",\"logo\":{\"@type\":\"ImageObject\",\"inLanguage\":\"ca\",\"@id\":\"https:\\\/\\\/bcniconsulting.com\\\/#\\\/schema\\\/logo\\\/image\\\/\",\"url\":\"https:\\\/\\\/bcniconsulting.com\\\/wp-content\\\/uploads\\\/2023\\\/04\\\/cropped-barcelona-integral-consulting-logo.png\",\"contentUrl\":\"https:\\\/\\\/bcniconsulting.com\\\/wp-content\\\/uploads\\\/2023\\\/04\\\/cropped-barcelona-integral-consulting-logo.png\",\"width\":525,\"height\":246,\"caption\":\"BCN Integral Consulting\"},\"image\":{\"@id\":\"https:\\\/\\\/bcniconsulting.com\\\/#\\\/schema\\\/logo\\\/image\\\/\"}}]}<\/script>\n<!-- \/ Yoast SEO plugin. -->","yoast_head_json":{"title":"Pol\u00edtica de Privacidad - BCN Integral Consulting","robots":{"index":"index","follow":"follow","max-snippet":"max-snippet:-1","max-image-preview":"max-image-preview:large","max-video-preview":"max-video-preview:-1"},"canonical":"https:\/\/bcniconsulting.com\/ca\/politica-de-privacidad\/","og_locale":"ca_ES","og_type":"article","og_title":"Pol\u00edtica de Privacidad - BCN Integral Consulting","og_description":"Pol\u00edtica de Privacidad Datos del propietario de la web: \u00a0 RAZ\u00d3N SOCIAL BARCELONA INTEGRAL CONSULTING SL NIF B63551220 DIRECCI\u00d3N POSTAL RAMBLA CATALUNYA, 98 &#8211; P. 1 08008, BARCELONA DIRECCI\u00d3N ELECTR\u00d3NICA info@bcniconsulting.es TEL\u00c9FONOS 661257961 REGISTRO MERCANTIL tomo &#8230;&#8230;&#8230;&#8230;&#8230;.., folio &#8230;&#8230;&#8230;&#8230;&#8230;.., hoja &#8230;&#8230;&#8230;&#8230;&#8230;.. e inscripci\u00f3n &#8230;&#8230;&#8230;&#8230;&#8230;.. OBJETO PRINCIPAL servicios de asesoramiento integral y tr\u00e1mites varios tanto para [&hellip;]","og_url":"https:\/\/bcniconsulting.com\/ca\/politica-de-privacidad\/","og_site_name":"BCN Integral Consulting","article_modified_time":"2023-11-08T16:30:12+00:00","twitter_card":"summary_large_image","twitter_misc":{"Temps estimat de lectura":"6 minuts"},"schema":{"@context":"https:\/\/schema.org","@graph":[{"@type":"WebPage","@id":"https:\/\/bcniconsulting.com\/politica-de-privacidad\/","url":"https:\/\/bcniconsulting.com\/politica-de-privacidad\/","name":"Pol\u00edtica de Privacidad - BCN Integral Consulting","isPartOf":{"@id":"https:\/\/bcniconsulting.com\/#website"},"datePublished":"2023-05-17T07:53:14+00:00","dateModified":"2023-11-08T16:30:12+00:00","breadcrumb":{"@id":"https:\/\/bcniconsulting.com\/politica-de-privacidad\/#breadcrumb"},"inLanguage":"ca","potentialAction":[{"@type":"ReadAction","target":["https:\/\/bcniconsulting.com\/politica-de-privacidad\/"]}]},{"@type":"BreadcrumbList","@id":"https:\/\/bcniconsulting.com\/politica-de-privacidad\/#breadcrumb","itemListElement":[{"@type":"ListItem","position":1,"name":"Portada","item":"https:\/\/bcniconsulting.com\/"},{"@type":"ListItem","position":2,"name":"Pol\u00edtica de Privacidad"}]},{"@type":"WebSite","@id":"https:\/\/bcniconsulting.com\/#website","url":"https:\/\/bcniconsulting.com\/","name":"BCN Assessorament Integral","description":"Gestor\u00eda","publisher":{"@id":"https:\/\/bcniconsulting.com\/#organization"},"potentialAction":[{"@type":"SearchAction","target":{"@type":"EntryPoint","urlTemplate":"https:\/\/bcniconsulting.com\/?s={search_term_string}"},"query-input":{"@type":"PropertyValueSpecification","valueRequired":true,"valueName":"search_term_string"}}],"inLanguage":"ca"},{"@type":"Organization","@id":"https:\/\/bcniconsulting.com\/#organization","name":"BCN Assessorament Integral","url":"https:\/\/bcniconsulting.com\/","logo":{"@type":"ImageObject","inLanguage":"ca","@id":"https:\/\/bcniconsulting.com\/#\/schema\/logo\/image\/","url":"https:\/\/bcniconsulting.com\/wp-content\/uploads\/2023\/04\/cropped-barcelona-integral-consulting-logo.png","contentUrl":"https:\/\/bcniconsulting.com\/wp-content\/uploads\/2023\/04\/cropped-barcelona-integral-consulting-logo.png","width":525,"height":246,"caption":"BCN Integral Consulting"},"image":{"@id":"https:\/\/bcniconsulting.com\/#\/schema\/logo\/image\/"}}]}},"_links":{"self":[{"href":"https:\/\/bcniconsulting.com\/ca\/wp-json\/wp\/v2\/pages\/797","targetHints":{"allow":["GET"]}}],"collection":[{"href":"https:\/\/bcniconsulting.com\/ca\/wp-json\/wp\/v2\/pages"}],"about":[{"href":"https:\/\/bcniconsulting.com\/ca\/wp-json\/wp\/v2\/types\/page"}],"author":[{"embeddable":true,"href":"https:\/\/bcniconsulting.com\/ca\/wp-json\/wp\/v2\/users\/3"}],"replies":[{"embeddable":true,"href":"https:\/\/bcniconsulting.com\/ca\/wp-json\/wp\/v2\/comments?post=797"}],"version-history":[{"count":22,"href":"https:\/\/bcniconsulting.com\/ca\/wp-json\/wp\/v2\/pages\/797\/revisions"}],"predecessor-version":[{"id":1447,"href":"https:\/\/bcniconsulting.com\/ca\/wp-json\/wp\/v2\/pages\/797\/revisions\/1447"}],"wp:attachment":[{"href":"https:\/\/bcniconsulting.com\/ca\/wp-json\/wp\/v2\/media?parent=797"}],"curies":[{"name":"wp","href":"https:\/\/api.w.org\/{rel}","templated":true}]}}