{"id":819,"date":"2023-05-17T09:07:09","date_gmt":"2023-05-17T09:07:09","guid":{"rendered":"https:\/\/bcniconsulting.com\/personalizar-cookies\/"},"modified":"2023-05-17T09:07:09","modified_gmt":"2023-05-17T09:07:09","slug":"personalizar-cookies","status":"publish","type":"page","link":"https:\/\/bcniconsulting.com\/ca\/personalizar-cookies\/","title":{"rendered":"Personalizar Cookies"},"content":{"rendered":"<div>\n      <div id=\"custom-cookies-eu-label\">\n\n        Este sitio web utiliza Cookies propias y de terceros para recopilar informaci\u00f3n con la finalidad t\u00e9cnica, no se recaban ni ceden sus datos de car\u00e1cter personal sin su consentimiento. Asimismo, se informa que este sitio web dispone de enlaces a sitios web de terceros con pol\u00edticas de privacidad ajenas a BARCELONA INTEGRAL CONSULTING SL.\n          &nbsp;&nbsp;\n          <a target=\"_blank\" id=\"cookies-eu-more\" rel=\"nofollow\" href=\"https:\/\/bcniconsulting.com\/ca\/politica-de-cookies\/\">M\u00e9s informaci\u00f3<\/a>\n      <\/div>\n\n      <div id=\"custom-cookies-eu-buttons\" class=\"cookies-eu-buttons\">\n        <button id=\"custom-cookies-eu-reject\" class=\"cookies-eu-reject\">Rebutjar<\/button>\n        <button id=\"custom-cookies-eu-accept\" class=\"cookies-eu-accept\">ACEPTAR TODAS LAS COOKIES<\/button><\/div>\n      <\/div>\n\n<br\/>\n<p>\n\tPuedes cambiar tus preferencias de cookies en cualquier momento si vuelves a la p\u00e1gina de Personalizar cookies, a la que puedes acceder a trav\u00e9s del Aviso de cookies. Para obtener m\u00e1s informaci\u00f3n sobre las cookies y c\u00f3mo las usamos, consulta la p\u00e1gina de <a href=\"https:\/\/bcniconsulting.com\/ca\/politica-de-cookies\/\">Pol\u00edtica de Cookies<\/a>.\n<\/p>\n\n<h3>Cookies t\u00e9cnicas<\/h3>\n<p>\n\tSon aquellas que permiten a los usuarios registrados navegar a trav\u00e9s del sitio Web, del \u00e1rea restringida y a utilizar sus diferentes funciones, como por ejemplo, el sistema de comentarios o el buscador y no pueden ser desactivadas.\n<\/p>\n\n<div class=\"custom-cookies-option\">\n  <h3>Cookies de an\u00e1lisis o medici\u00f3n<\/h3>\n  <span>\n    <input type=\"radio\" name=\"cookies-analytics-option\" value=\"true\" class=\"custom-cookies-radio\" data-consent=\"ANLTCS\" id=\"custom-cookies-accept-analytics\" >\n    <label for=\"custom-cookies-accept-analytics\">Activar<\/label>\n    &nbsp;&nbsp;\n    <input type=\"radio\" name=\"cookies-analytics-option\" value=\"false\" class=\"custom-cookies-radio\" data-consent=\"ANLTCS\" id=\"custom-cookies-reject-analytics\" \n    checked>\n    <label for=\"custom-cookies-reject-analytics\">Desactivar<\/label>\n<\/span>\n<\/div>\n\n<p>\n\tSon aquellas que, bien tratadas por el sitio Web o por terceros, permiten cuantificar el n\u00famero de usuarios y as\u00ed realizar la medici\u00f3n y an\u00e1lisis estad\u00edstico de la utilizaci\u00f3n que hacen los usuarios del sitio Web. Para ello se analiza la navegaci\u00f3n que realizas en este sitio Web con el fin de mejorarlo.\n<\/p>\n\n<div class=\"custom-cookies-option\">\n  <h3>Cookies sociales<\/h3>\n  <span>\n    <input type=\"radio\" name=\"cookies-social-option\" value=\"true\" class=\"custom-cookies-radio\" data-consent=\"SCLS\" id=\"custom-cookies-accept-social\" \n    >\n    <label for=\"custom-cookies-accept-social\">Activar<\/label>\n    &nbsp;&nbsp;\n    <input type=\"radio\" name=\"cookies-social-option\" value=\"false\" class=\"custom-cookies-radio\" data-consent=\"SCLS\" id=\"custom-cookies-reject-social\" \n    checked>\n    <label for=\"custom-cookies-reject-social\">Desactivar<\/label>\n<\/span>\n<\/div>\n\n<p>\n  Son establecidas por las plataformas de redes sociales para permitir a los usuarios compartir contenido con sus amigos y redes.  \n<\/p>","protected":false},"excerpt":{"rendered":"<p>Este sitio web utiliza Cookies propias y de terceros para recopilar informaci\u00f3n con la finalidad t\u00e9cnica, no se recaban ni ceden sus datos de car\u00e1cter personal sin su consentimiento. Asimismo, se informa que este sitio web dispone de enlaces a sitios web de terceros con pol\u00edticas de privacidad ajenas a BARCELONA INTEGRAL CONSULTING SL. &nbsp;&nbsp; [&hellip;]<\/p>\n","protected":false},"author":3,"featured_media":0,"parent":0,"menu_order":0,"comment_status":"closed","ping_status":"closed","template":"","meta":{"_joinchat":[],"footnotes":""},"class_list":["post-819","page","type-page","status-publish","hentry"],"yoast_head":"<!-- This site is optimized with the Yoast SEO plugin v27.5 - https:\/\/yoast.com\/product\/yoast-seo-wordpress\/ -->\n<title>Personalizar Cookies - BCN Integral Consulting<\/title>\n<meta name=\"robots\" content=\"index, follow, max-snippet:-1, max-image-preview:large, max-video-preview:-1\" \/>\n<link rel=\"canonical\" href=\"https:\/\/bcniconsulting.com\/ca\/personalizar-cookies\/\" \/>\n<meta property=\"og:locale\" content=\"ca_ES\" \/>\n<meta property=\"og:type\" content=\"article\" \/>\n<meta property=\"og:title\" content=\"Personalizar Cookies - BCN Integral Consulting\" \/>\n<meta property=\"og:description\" content=\"Este sitio web utiliza Cookies propias y de terceros para recopilar informaci\u00f3n con la finalidad t\u00e9cnica, no se recaban ni ceden sus datos de car\u00e1cter personal sin su consentimiento. Asimismo, se informa que este sitio web dispone de enlaces a sitios web de terceros con pol\u00edticas de privacidad ajenas a BARCELONA INTEGRAL CONSULTING SL. &nbsp;&nbsp; [&hellip;]\" \/>\n<meta property=\"og:url\" content=\"https:\/\/bcniconsulting.com\/ca\/personalizar-cookies\/\" \/>\n<meta property=\"og:site_name\" content=\"BCN Integral Consulting\" \/>\n<meta name=\"twitter:card\" content=\"summary_large_image\" \/>\n<script type=\"application\/ld+json\" class=\"yoast-schema-graph\">{\"@context\":\"https:\\\/\\\/schema.org\",\"@graph\":[{\"@type\":\"WebPage\",\"@id\":\"https:\\\/\\\/bcniconsulting.com\\\/personalizar-cookies\\\/\",\"url\":\"https:\\\/\\\/bcniconsulting.com\\\/personalizar-cookies\\\/\",\"name\":\"Personalizar Cookies - BCN Integral Consulting\",\"isPartOf\":{\"@id\":\"https:\\\/\\\/bcniconsulting.com\\\/#website\"},\"datePublished\":\"2023-05-17T09:07:09+00:00\",\"breadcrumb\":{\"@id\":\"https:\\\/\\\/bcniconsulting.com\\\/personalizar-cookies\\\/#breadcrumb\"},\"inLanguage\":\"ca\",\"potentialAction\":[{\"@type\":\"ReadAction\",\"target\":[\"https:\\\/\\\/bcniconsulting.com\\\/personalizar-cookies\\\/\"]}]},{\"@type\":\"BreadcrumbList\",\"@id\":\"https:\\\/\\\/bcniconsulting.com\\\/personalizar-cookies\\\/#breadcrumb\",\"itemListElement\":[{\"@type\":\"ListItem\",\"position\":1,\"name\":\"Portada\",\"item\":\"https:\\\/\\\/bcniconsulting.com\\\/\"},{\"@type\":\"ListItem\",\"position\":2,\"name\":\"Personalizar Cookies\"}]},{\"@type\":\"WebSite\",\"@id\":\"https:\\\/\\\/bcniconsulting.com\\\/#website\",\"url\":\"https:\\\/\\\/bcniconsulting.com\\\/\",\"name\":\"BCN Integral Consulting\",\"description\":\"Gestor\u00eda\",\"publisher\":{\"@id\":\"https:\\\/\\\/bcniconsulting.com\\\/#organization\"},\"potentialAction\":[{\"@type\":\"SearchAction\",\"target\":{\"@type\":\"EntryPoint\",\"urlTemplate\":\"https:\\\/\\\/bcniconsulting.com\\\/?s={search_term_string}\"},\"query-input\":{\"@type\":\"PropertyValueSpecification\",\"valueRequired\":true,\"valueName\":\"search_term_string\"}}],\"inLanguage\":\"ca\"},{\"@type\":\"Organization\",\"@id\":\"https:\\\/\\\/bcniconsulting.com\\\/#organization\",\"name\":\"BCN Integral Consulting\",\"url\":\"https:\\\/\\\/bcniconsulting.com\\\/\",\"logo\":{\"@type\":\"ImageObject\",\"inLanguage\":\"ca\",\"@id\":\"https:\\\/\\\/bcniconsulting.com\\\/#\\\/schema\\\/logo\\\/image\\\/\",\"url\":\"https:\\\/\\\/bcniconsulting.com\\\/wp-content\\\/uploads\\\/2023\\\/04\\\/cropped-barcelona-integral-consulting-logo.png\",\"contentUrl\":\"https:\\\/\\\/bcniconsulting.com\\\/wp-content\\\/uploads\\\/2023\\\/04\\\/cropped-barcelona-integral-consulting-logo.png\",\"width\":525,\"height\":246,\"caption\":\"BCN Integral Consulting\"},\"image\":{\"@id\":\"https:\\\/\\\/bcniconsulting.com\\\/#\\\/schema\\\/logo\\\/image\\\/\"}}]}<\/script>\n<!-- \/ Yoast SEO plugin. -->","yoast_head_json":{"title":"Personalizar Cookies - BCN Integral Consulting","robots":{"index":"index","follow":"follow","max-snippet":"max-snippet:-1","max-image-preview":"max-image-preview:large","max-video-preview":"max-video-preview:-1"},"canonical":"https:\/\/bcniconsulting.com\/ca\/personalizar-cookies\/","og_locale":"ca_ES","og_type":"article","og_title":"Personalizar Cookies - BCN Integral Consulting","og_description":"Este sitio web utiliza Cookies propias y de terceros para recopilar informaci\u00f3n con la finalidad t\u00e9cnica, no se recaban ni ceden sus datos de car\u00e1cter personal sin su consentimiento. Asimismo, se informa que este sitio web dispone de enlaces a sitios web de terceros con pol\u00edticas de privacidad ajenas a BARCELONA INTEGRAL CONSULTING SL. &nbsp;&nbsp; [&hellip;]","og_url":"https:\/\/bcniconsulting.com\/ca\/personalizar-cookies\/","og_site_name":"BCN Integral Consulting","twitter_card":"summary_large_image","schema":{"@context":"https:\/\/schema.org","@graph":[{"@type":"WebPage","@id":"https:\/\/bcniconsulting.com\/personalizar-cookies\/","url":"https:\/\/bcniconsulting.com\/personalizar-cookies\/","name":"Personalizar Cookies - BCN Integral Consulting","isPartOf":{"@id":"https:\/\/bcniconsulting.com\/#website"},"datePublished":"2023-05-17T09:07:09+00:00","breadcrumb":{"@id":"https:\/\/bcniconsulting.com\/personalizar-cookies\/#breadcrumb"},"inLanguage":"ca","potentialAction":[{"@type":"ReadAction","target":["https:\/\/bcniconsulting.com\/personalizar-cookies\/"]}]},{"@type":"BreadcrumbList","@id":"https:\/\/bcniconsulting.com\/personalizar-cookies\/#breadcrumb","itemListElement":[{"@type":"ListItem","position":1,"name":"Portada","item":"https:\/\/bcniconsulting.com\/"},{"@type":"ListItem","position":2,"name":"Personalizar Cookies"}]},{"@type":"WebSite","@id":"https:\/\/bcniconsulting.com\/#website","url":"https:\/\/bcniconsulting.com\/","name":"BCN Assessorament Integral","description":"Gestor\u00eda","publisher":{"@id":"https:\/\/bcniconsulting.com\/#organization"},"potentialAction":[{"@type":"SearchAction","target":{"@type":"EntryPoint","urlTemplate":"https:\/\/bcniconsulting.com\/?s={search_term_string}"},"query-input":{"@type":"PropertyValueSpecification","valueRequired":true,"valueName":"search_term_string"}}],"inLanguage":"ca"},{"@type":"Organization","@id":"https:\/\/bcniconsulting.com\/#organization","name":"BCN Assessorament Integral","url":"https:\/\/bcniconsulting.com\/","logo":{"@type":"ImageObject","inLanguage":"ca","@id":"https:\/\/bcniconsulting.com\/#\/schema\/logo\/image\/","url":"https:\/\/bcniconsulting.com\/wp-content\/uploads\/2023\/04\/cropped-barcelona-integral-consulting-logo.png","contentUrl":"https:\/\/bcniconsulting.com\/wp-content\/uploads\/2023\/04\/cropped-barcelona-integral-consulting-logo.png","width":525,"height":246,"caption":"BCN Integral Consulting"},"image":{"@id":"https:\/\/bcniconsulting.com\/#\/schema\/logo\/image\/"}}]}},"_links":{"self":[{"href":"https:\/\/bcniconsulting.com\/ca\/wp-json\/wp\/v2\/pages\/819","targetHints":{"allow":["GET"]}}],"collection":[{"href":"https:\/\/bcniconsulting.com\/ca\/wp-json\/wp\/v2\/pages"}],"about":[{"href":"https:\/\/bcniconsulting.com\/ca\/wp-json\/wp\/v2\/types\/page"}],"author":[{"embeddable":true,"href":"https:\/\/bcniconsulting.com\/ca\/wp-json\/wp\/v2\/users\/3"}],"replies":[{"embeddable":true,"href":"https:\/\/bcniconsulting.com\/ca\/wp-json\/wp\/v2\/comments?post=819"}],"version-history":[{"count":0,"href":"https:\/\/bcniconsulting.com\/ca\/wp-json\/wp\/v2\/pages\/819\/revisions"}],"wp:attachment":[{"href":"https:\/\/bcniconsulting.com\/ca\/wp-json\/wp\/v2\/media?parent=819"}],"curies":[{"name":"wp","href":"https:\/\/api.w.org\/{rel}","templated":true}]}}